{"id":1505,"date":"2021-06-29T22:28:04","date_gmt":"2021-06-29T22:28:04","guid":{"rendered":"https:\/\/navalremo.pt\/site\/?post_type=product&#038;p=1505"},"modified":"2021-06-29T22:36:41","modified_gmt":"2021-06-29T22:36:41","slug":"remo-ophion-diamond","status":"publish","type":"product","link":"https:\/\/navalremo.pt\/site\/produto\/remo-ophion-diamond\/","title":{"rendered":"Remo Ophion Diamond SUP Paddle"},"content":{"rendered":"<p>O remo de SUP Diamond  foi desenvolvido para todas a especialidades do SUP: fitness, surf, race, aguas bravas. Made in Slovenia, a qualidade de constru\u00e7\u00e3o \u00e9 excelente e possui uma \u00f3tima rela\u00e7\u00e3o qualidade-pre\u00e7o.<\/p>\n","protected":false},"excerpt":{"rendered":"<p>A Ophion colocou todo o seu saber e experi\u00eancia no desenvolvimento deste remo.<\/p>\n","protected":false},"featured_media":1500,"template":"","meta":{"spay_email":""},"product_cat":[46],"product_tag":[],"_links":{"self":[{"href":"https:\/\/navalremo.pt\/site\/wp-json\/wp\/v2\/product\/1505"}],"collection":[{"href":"https:\/\/navalremo.pt\/site\/wp-json\/wp\/v2\/product"}],"about":[{"href":"https:\/\/navalremo.pt\/site\/wp-json\/wp\/v2\/types\/product"}],"wp:featuredmedia":[{"embeddable":true,"href":"https:\/\/navalremo.pt\/site\/wp-json\/wp\/v2\/media\/1500"}],"wp:attachment":[{"href":"https:\/\/navalremo.pt\/site\/wp-json\/wp\/v2\/media?parent=1505"}],"wp:term":[{"taxonomy":"product_cat","embeddable":true,"href":"https:\/\/navalremo.pt\/site\/wp-json\/wp\/v2\/product_cat?post=1505"},{"taxonomy":"product_tag","embeddable":true,"href":"https:\/\/navalremo.pt\/site\/wp-json\/wp\/v2\/product_tag?post=1505"}],"curies":[{"name":"wp","href":"https:\/\/api.w.org\/{rel}","templated":true}]}}