{"id":1503,"date":"2021-06-29T22:18:07","date_gmt":"2021-06-29T22:18:07","guid":{"rendered":"https:\/\/navalremo.pt\/site\/?post_type=product&#038;p=1503"},"modified":"2021-06-29T22:23:49","modified_gmt":"2021-06-29T22:23:49","slug":"kayak-rpf-stalk","status":"publish","type":"product","link":"https:\/\/navalremo.pt\/site\/produto\/kayak-rpf-stalk\/","title":{"rendered":"Kayak RPF STALK"},"content":{"rendered":"<p>O STALK \u00e9 um verdadeiro \u201cstalker\u201d. \u00c9 um kayak de mar para quem j\u00e1 possui alguma experi\u00eancia. O shape estreito faz com que o utilizador se fixe perfeitamente ao kayak o que permite todo o dom\u00ednio na execu\u00e7\u00e3o de t\u00e9cnicas e em manobra. A proa e a quilha fazem-no deslizar suavemente em \u00e1guas calmas. O centro de gravidade baixo e recuado, bem como a concep\u00e7\u00e3o da frente tornam-no muito equilibrado quer em surf, quer em downwind.<br \/>\nPossui \u00e0 r\u00e9 uma tampa oval da KS onde se pode introduzir uma tenda e todo o material para uma autonomia. O compartimento da frente \u00e9 estreito mas longo. Apesar de ser um kayak de pouco volume, possui uma capacidade de arruma\u00e7\u00e3o fant\u00e1stica.<\/p>\n","protected":false},"excerpt":{"rendered":"<p>\u00c9 um kayak capaz de proporcionar muita divers\u00e3o em seguran\u00e7a a um utilizador com alguma experi\u00eancia.<\/p>\n","protected":false},"featured_media":1502,"template":"","meta":{"spay_email":""},"product_cat":[46],"product_tag":[],"_links":{"self":[{"href":"https:\/\/navalremo.pt\/site\/wp-json\/wp\/v2\/product\/1503"}],"collection":[{"href":"https:\/\/navalremo.pt\/site\/wp-json\/wp\/v2\/product"}],"about":[{"href":"https:\/\/navalremo.pt\/site\/wp-json\/wp\/v2\/types\/product"}],"wp:featuredmedia":[{"embeddable":true,"href":"https:\/\/navalremo.pt\/site\/wp-json\/wp\/v2\/media\/1502"}],"wp:attachment":[{"href":"https:\/\/navalremo.pt\/site\/wp-json\/wp\/v2\/media?parent=1503"}],"wp:term":[{"taxonomy":"product_cat","embeddable":true,"href":"https:\/\/navalremo.pt\/site\/wp-json\/wp\/v2\/product_cat?post=1503"},{"taxonomy":"product_tag","embeddable":true,"href":"https:\/\/navalremo.pt\/site\/wp-json\/wp\/v2\/product_tag?post=1503"}],"curies":[{"name":"wp","href":"https:\/\/api.w.org\/{rel}","templated":true}]}}