{"id":89,"date":"2017-07-01T16:44:30","date_gmt":"2017-07-01T16:44:30","guid":{"rendered":"https:\/\/remo.sisaude.com\/site\/?page_id=89"},"modified":"2017-07-20T12:50:58","modified_gmt":"2017-07-20T12:50:58","slug":"o-nucleo","status":"publish","type":"page","link":"https:\/\/navalremo.pt\/site\/o-nucleo\/","title":{"rendered":"O N\u00facleo"},"content":{"rendered":"<p><img data-attachment-id=\"25\" data-permalink=\"https:\/\/navalremo.pt\/site\/o-nucleo\/cropped-remo-naval-png\/\" data-orig-file=\"https:\/\/navalremo.pt\/site\/wp-content\/uploads\/2017\/06\/cropped-remo-naval.png\" data-orig-size=\"512,512\" data-comments-opened=\"1\" data-image-meta=\"{&quot;aperture&quot;:&quot;0&quot;,&quot;credit&quot;:&quot;&quot;,&quot;camera&quot;:&quot;&quot;,&quot;caption&quot;:&quot;&quot;,&quot;created_timestamp&quot;:&quot;0&quot;,&quot;copyright&quot;:&quot;&quot;,&quot;focal_length&quot;:&quot;0&quot;,&quot;iso&quot;:&quot;0&quot;,&quot;shutter_speed&quot;:&quot;0&quot;,&quot;title&quot;:&quot;&quot;,&quot;orientation&quot;:&quot;0&quot;}\" data-image-title=\"cropped-remo-naval.png\" data-image-description=\"&lt;p&gt;https:\/\/remo.sisaude.com\/site\/wp-content\/uploads\/2017\/06\/cropped-remo-naval.png&lt;\/p&gt;\n\" data-medium-file=\"https:\/\/navalremo.pt\/site\/wp-content\/uploads\/2017\/06\/cropped-remo-naval-300x300.png\" data-large-file=\"https:\/\/navalremo.pt\/site\/wp-content\/uploads\/2017\/06\/cropped-remo-naval.png\" loading=\"lazy\" class=\"size-medium wp-image-25 alignleft\" src=\"https:\/\/navalremo.pt\/site\/wp-content\/uploads\/2017\/06\/cropped-remo-naval-300x300.png\" alt=\"\" width=\"300\" height=\"300\" srcset=\"https:\/\/navalremo.pt\/site\/wp-content\/uploads\/2017\/06\/cropped-remo-naval-300x300.png 300w, https:\/\/navalremo.pt\/site\/wp-content\/uploads\/2017\/06\/cropped-remo-naval-150x150.png 150w, https:\/\/navalremo.pt\/site\/wp-content\/uploads\/2017\/06\/cropped-remo-naval-270x270.png 270w, https:\/\/navalremo.pt\/site\/wp-content\/uploads\/2017\/06\/cropped-remo-naval-192x192.png 192w, https:\/\/navalremo.pt\/site\/wp-content\/uploads\/2017\/06\/cropped-remo-naval-180x180.png 180w, https:\/\/navalremo.pt\/site\/wp-content\/uploads\/2017\/06\/cropped-remo-naval-32x32.png 32w, https:\/\/navalremo.pt\/site\/wp-content\/uploads\/2017\/06\/cropped-remo-naval.png 512w\" sizes=\"(max-width: 300px) 100vw, 300px\" \/>A Associa\u00e7\u00e3o Naval 1\u00ba de Maio foi fundada no dia 1\u00ba de maio de 1893, sucedendo \u00e0 extinta Associa\u00e7\u00e3o Naval Figueirense. Apesar de ao longo da sua hist\u00f3ria a Naval ter alargado a sua atividade desportiva a outras modalidades, a sua g\u00e9nese est\u00e1 nos desportos n\u00e1uticos, nomeadamente no Remo.<\/p>\n<p>Foram v\u00e1rios os sucessos desportivos alcan\u00e7ados pela modalidade do Remo, n\u00e3o sendo de menor import\u00e2ncia a forma\u00e7\u00e3o de v\u00e1rios jovens e adultos ao longo dos anos neste clube secular, intervindo de forma ativa ao n\u00edvel social e cultural da cidade da Figueira da Foz.<\/p>\n<p>Tendo em conta o per\u00edodo dif\u00edcil ao n\u00edvel financeiro e jur\u00eddico que o clube atravessa, de forma a permitir que o Remo da Naval n\u00e3o seja extinto e inspirado pelos sucessos e mem\u00f3rias de outrora, <strong>o N\u00facleo dos Antigos Remadores da Associa\u00e7\u00e3o Naval 1\u00ba de Maio,<\/strong> em 17 de mar\u00e7o de 2017, constituiu uma nova Associa\u00e7\u00e3o, decidindo dar um contributo significativo para devolver o Remo da Naval \u00e0 cidade e aos Figueirenses.<\/p>\n<p>No contexto do Plano Estrat\u00e9gico de 2017 a 2021 aprovado pelo N\u00facleo, considera-se que o ano 2017 &#8211; 2018 ser\u00e1 determinante para o Remo da Naval no sentido de relan\u00e7ar a sua credibilidade junto de entidades e cidad\u00e3os dos mais variados setores.<\/p>\n","protected":false},"excerpt":{"rendered":"<p>A Associa\u00e7\u00e3o Naval 1\u00ba de Maio foi fundada no dia 1\u00ba de maio de 1893, sucedendo \u00e0 extinta Associa\u00e7\u00e3o Naval Figueirense. Apesar de ao longo da sua hist\u00f3ria a Naval ter alargado a sua atividade desportiva a outras modalidades, a sua g\u00e9nese est\u00e1 nos desportos n\u00e1uticos, nomeadamente no Remo. Foram v\u00e1rios os sucessos desportivos alcan\u00e7ados [&hellip;]<\/p>\n","protected":false},"author":1,"featured_media":0,"parent":0,"menu_order":0,"comment_status":"closed","ping_status":"closed","template":"","meta":{"spay_email":""},"_links":{"self":[{"href":"https:\/\/navalremo.pt\/site\/wp-json\/wp\/v2\/pages\/89"}],"collection":[{"href":"https:\/\/navalremo.pt\/site\/wp-json\/wp\/v2\/pages"}],"about":[{"href":"https:\/\/navalremo.pt\/site\/wp-json\/wp\/v2\/types\/page"}],"author":[{"embeddable":true,"href":"https:\/\/navalremo.pt\/site\/wp-json\/wp\/v2\/users\/1"}],"replies":[{"embeddable":true,"href":"https:\/\/navalremo.pt\/site\/wp-json\/wp\/v2\/comments?post=89"}],"version-history":[{"count":8,"href":"https:\/\/navalremo.pt\/site\/wp-json\/wp\/v2\/pages\/89\/revisions"}],"predecessor-version":[{"id":423,"href":"https:\/\/navalremo.pt\/site\/wp-json\/wp\/v2\/pages\/89\/revisions\/423"}],"wp:attachment":[{"href":"https:\/\/navalremo.pt\/site\/wp-json\/wp\/v2\/media?parent=89"}],"curies":[{"name":"wp","href":"https:\/\/api.w.org\/{rel}","templated":true}]}}