{"id":495,"date":"2017-07-20T22:13:01","date_gmt":"2017-07-20T22:13:01","guid":{"rendered":"https:\/\/navalremo.pt\/site\/?page_id=495"},"modified":"2025-01-27T17:33:31","modified_gmt":"2025-01-27T17:33:31","slug":"categorias-de-remadores","status":"publish","type":"page","link":"https:\/\/navalremo.pt\/site\/como-praticar\/categorias-de-remadores\/","title":{"rendered":"Categorias de Remadores"},"content":{"rendered":"<p>Os remadores est\u00e3o divididos em sete categorias em fun\u00e7\u00e3o da idade. As idades a considerar s\u00e3o as atingidas <strong>no dia 31 de dezembro do ano em curso<\/strong>:<\/p>\n<ul>\n<li>SUB 9 \u2013 Remadores de 7 e 8 anos<\/li>\n<li>SUB 11 \u2013 Remadores de 9 e 10 anos;<\/li>\n<li>SUB 13 &#8211; Remadores de 11 e 12 anos;<\/li>\n<li>SUB 15 \u2013 Remadores de 13 e 14 anos;<\/li>\n<li>SUB 17 \u2013 Remadores de 15 e 16 anos;<\/li>\n<li>SUB 19 \u2013 Remadores de 17 e 18 anos.<\/li>\n<li>S\u00c9NIOR &#8211; Remadores com 19 anos ou mais.<\/li>\n<\/ul>\n<p>Existe uma categoria Veteranos que engloba v\u00e1rias idades. Um remador veterano pertence \u00e0 classe de idade correspondente \u00e0 que atinge durante o ano corrente.<\/p>\n<ul>\n<li>idade de: 27 anos como m\u00ednimo;<\/li>\n<li>idade m\u00e9dia: 36 anos<\/li>\n<li>idade m\u00e9dia: 43 anos;<\/li>\n<li>idade m\u00e9dia: 50 anos<\/li>\n<li>idade m\u00e9dia: 55 anos;<\/li>\n<li>idade m\u00e9dia: 60 anos<\/li>\n<li>idade m\u00e9dia: 65 anos;<\/li>\n<li>idade m\u00e9dia: 70 anos<\/li>\n<\/ul>\n<p>As idades m\u00e9dias dos veteranos s\u00e3o calculadas sem ter em considera\u00e7\u00e3o a dos timoneiros que tamb\u00e9m n\u00e3o devem ficar aqu\u00e9m da idade m\u00ednima fixada.<\/p>\n<p>A Federa\u00e7\u00e3o Portuguesa de Remo reconhece a categoria peso ligeiro, limitada a seniores, regulamentada de acordo com o seguinte:<\/p>\n<p>O peso m\u00e9dio dos remadores de uma equipa, sem o timoneiro, est\u00e1 limitado a:<\/p>\n<ul>\n<li>Nos homens: 70 quilos;<\/li>\n<li>Nas mulheres: 57 quilos.<\/li>\n<\/ul>\n<p>O peso m\u00e1ximo individual de cada um dos remadores est\u00e1 limitado a:<\/p>\n<ul>\n<li>Nos homens: 72,5 quilos;<\/li>\n<li>Nas mulheres: 59 quilos.<\/li>\n<\/ul>\n<p>Num remador em skiff, \u00e9 o peso m\u00e1ximo individual que \u00e9 considerado.<\/p>\n","protected":false},"excerpt":{"rendered":"<p>Os remadores est\u00e3o divididos em sete categorias em fun\u00e7\u00e3o da idade. As idades a considerar s\u00e3o as atingidas no dia 31 de dezembro do ano em curso: SUB 9 \u2013 Remadores de 7 e 8 anos SUB 11 \u2013 Remadores de 9 e 10 anos; SUB 13 &#8211; Remadores de 11 e 12 anos; SUB [&hellip;]<\/p>\n","protected":false},"author":2,"featured_media":0,"parent":332,"menu_order":0,"comment_status":"closed","ping_status":"closed","template":"","meta":{"spay_email":""},"_links":{"self":[{"href":"https:\/\/navalremo.pt\/site\/wp-json\/wp\/v2\/pages\/495"}],"collection":[{"href":"https:\/\/navalremo.pt\/site\/wp-json\/wp\/v2\/pages"}],"about":[{"href":"https:\/\/navalremo.pt\/site\/wp-json\/wp\/v2\/types\/page"}],"author":[{"embeddable":true,"href":"https:\/\/navalremo.pt\/site\/wp-json\/wp\/v2\/users\/2"}],"replies":[{"embeddable":true,"href":"https:\/\/navalremo.pt\/site\/wp-json\/wp\/v2\/comments?post=495"}],"version-history":[{"count":7,"href":"https:\/\/navalremo.pt\/site\/wp-json\/wp\/v2\/pages\/495\/revisions"}],"predecessor-version":[{"id":3326,"href":"https:\/\/navalremo.pt\/site\/wp-json\/wp\/v2\/pages\/495\/revisions\/3326"}],"up":[{"embeddable":true,"href":"https:\/\/navalremo.pt\/site\/wp-json\/wp\/v2\/pages\/332"}],"wp:attachment":[{"href":"https:\/\/navalremo.pt\/site\/wp-json\/wp\/v2\/media?parent=495"}],"curies":[{"name":"wp","href":"https:\/\/api.w.org\/{rel}","templated":true}]}}