{"id":332,"date":"2017-07-15T22:14:03","date_gmt":"2017-07-15T22:14:03","guid":{"rendered":"https:\/\/navalremo.pt\/site\/?page_id=332"},"modified":"2017-07-20T21:49:28","modified_gmt":"2017-07-20T21:49:28","slug":"como-praticar","status":"publish","type":"page","link":"https:\/\/navalremo.pt\/site\/como-praticar\/","title":{"rendered":"Como Praticar"},"content":{"rendered":"<h2>Como Praticar<\/h2>\n<p>O Remo da Naval est\u00e1 aberto a participantes de todas as idades ou a todos que se queiram fazer s\u00f3cios, basta para o efeito dirigirem-se ao Posto N\u00e1utico da Naval ou preencher a ficha de s\u00f3cio no portal do Remo da Naval.<\/p>\n<p>Os s\u00f3cios praticantes s\u00e3o enquadrados em termos t\u00e9cnicos pelos treinadores do Remo da Naval.<\/p>\n<p>Os praticantes livres t\u00eam apenas de preencher a respetiva ficha de inscri\u00e7\u00e3o de s\u00f3cio e cumprir com as regras de funcionamento que constam deste portal.<\/p>\n","protected":false},"excerpt":{"rendered":"<p>Como Praticar O Remo da Naval est\u00e1 aberto a participantes de todas as idades ou a todos que se queiram fazer s\u00f3cios, basta para o efeito dirigirem-se ao Posto N\u00e1utico da Naval ou preencher a ficha de s\u00f3cio no portal do Remo da Naval. Os s\u00f3cios praticantes s\u00e3o enquadrados em termos t\u00e9cnicos pelos treinadores do [&hellip;]<\/p>\n","protected":false},"author":2,"featured_media":0,"parent":0,"menu_order":0,"comment_status":"closed","ping_status":"closed","template":"","meta":{"spay_email":""},"_links":{"self":[{"href":"https:\/\/navalremo.pt\/site\/wp-json\/wp\/v2\/pages\/332"}],"collection":[{"href":"https:\/\/navalremo.pt\/site\/wp-json\/wp\/v2\/pages"}],"about":[{"href":"https:\/\/navalremo.pt\/site\/wp-json\/wp\/v2\/types\/page"}],"author":[{"embeddable":true,"href":"https:\/\/navalremo.pt\/site\/wp-json\/wp\/v2\/users\/2"}],"replies":[{"embeddable":true,"href":"https:\/\/navalremo.pt\/site\/wp-json\/wp\/v2\/comments?post=332"}],"version-history":[{"count":5,"href":"https:\/\/navalremo.pt\/site\/wp-json\/wp\/v2\/pages\/332\/revisions"}],"predecessor-version":[{"id":474,"href":"https:\/\/navalremo.pt\/site\/wp-json\/wp\/v2\/pages\/332\/revisions\/474"}],"wp:attachment":[{"href":"https:\/\/navalremo.pt\/site\/wp-json\/wp\/v2\/media?parent=332"}],"curies":[{"name":"wp","href":"https:\/\/api.w.org\/{rel}","templated":true}]}}