{"id":300,"date":"2017-07-13T22:47:27","date_gmt":"2017-07-13T22:47:27","guid":{"rendered":"https:\/\/remo.sisaude.com\/site\/?page_id=300"},"modified":"2021-06-16T15:59:06","modified_gmt":"2021-06-16T15:59:06","slug":"corpo-tecnico","status":"publish","type":"page","link":"https:\/\/navalremo.pt\/site\/corpo-tecnico\/","title":{"rendered":"Corpo T\u00e9cnico"},"content":{"rendered":"<div style=\"text-align: justify\">\n<h4>O corpo t\u00e9cnico da Associa\u00e7\u00e3o Desportiva Naval Remo \u00e9 formado pelos treinadores Jos\u00e9 Canhola, Patr\u00edcia Batista, In\u00eas Alves e Andreia Marques<\/h4>\n<p>\u00a0<\/p>\n<h4>Treinador: Jos\u00e9 Canhola<\/h4>\n<p><img data-attachment-id=\"409\" data-permalink=\"https:\/\/navalremo.pt\/site\/corpo-tecnico\/josecanhola\/\" data-orig-file=\"https:\/\/navalremo.pt\/site\/wp-content\/uploads\/2017\/07\/josecanhola.jpg\" data-orig-size=\"433,325\" data-comments-opened=\"0\" data-image-meta=\"{&quot;aperture&quot;:&quot;0&quot;,&quot;credit&quot;:&quot;&quot;,&quot;camera&quot;:&quot;&quot;,&quot;caption&quot;:&quot;&quot;,&quot;created_timestamp&quot;:&quot;0&quot;,&quot;copyright&quot;:&quot;&quot;,&quot;focal_length&quot;:&quot;0&quot;,&quot;iso&quot;:&quot;0&quot;,&quot;shutter_speed&quot;:&quot;0&quot;,&quot;title&quot;:&quot;&quot;,&quot;orientation&quot;:&quot;0&quot;}\" data-image-title=\"josecanhola\" data-image-description=\"\" data-medium-file=\"https:\/\/navalremo.pt\/site\/wp-content\/uploads\/2017\/07\/josecanhola-300x225.jpg\" data-large-file=\"https:\/\/navalremo.pt\/site\/wp-content\/uploads\/2017\/07\/josecanhola.jpg\" loading=\"lazy\" class=\"size-medium wp-image-409 alignleft\" src=\"https:\/\/navalremo.pt\/site\/wp-content\/uploads\/2017\/07\/josecanhola-300x225.jpg\" alt=\"\" width=\"300\" height=\"225\" srcset=\"https:\/\/navalremo.pt\/site\/wp-content\/uploads\/2017\/07\/josecanhola-300x225.jpg 300w, https:\/\/navalremo.pt\/site\/wp-content\/uploads\/2017\/07\/josecanhola.jpg 433w\" sizes=\"(max-width: 300px) 100vw, 300px\" \/><\/p>\n<p>O treinador Jos\u00e9 Canhola \u00e9 Licenciado em Motricidade Humana pelo Instituto Piaget, Mestre em Treino de Alto Rendimento pela Faculdade de Ci\u00eancias do Desporto e de Educa\u00e7\u00e3o F\u00edsica da Universidade do Porto e Doutorando em Ci\u00eancias do Desporto na Faculdade de Ci\u00eancias do Desporto e de Educa\u00e7\u00e3o F\u00edsica da Universidade de Coimbra.<\/p>\n<p>Como atleta representou a Associa\u00e7\u00e3o Naval 1\u00ba de Maio, o Gin\u00e1sio Clube Figueirense e o Clube N\u00e1utico da Praia de Mira, contando com 16 t\u00edtulos de Campe\u00e3o Nacional.<\/p>\n<p>Iniciou a sua carreira de treinador h\u00e1 mais de 15 anos no Gin\u00e1sio Clube Figueirense e mais recentemente treinou o Clube N\u00e1utico da Praia de Mira, tendo ao servi\u00e7o destes clubes sido respons\u00e1vel por levar os seus atletas \u00e0 conquista de in\u00fameros t\u00edtulos de Campe\u00e3o Nacional, entre outras tantas vit\u00f3rias em competi\u00e7\u00f5es regionais ou particulares de Remo.<\/p>\n<p>Do seu curriculum de treinador consta ainda a participa\u00e7\u00e3o em confer\u00eancias de treinador na Holanda, R\u00fassia, Est\u00f3nia e Paraguai, sendo membro da Equipa T\u00e9cnica Nacional de Juniores na \u201cCoupe de la Jeunesse 2016 e 2017\u201d, que se trata de uma competi\u00e7\u00e3o onde participam as equipas nacionais de mais de 15 pa\u00edses Europeus.<\/p>\n<p>Para al\u00e9m de Treinador da Naval Remo \u00e9 tamb\u00e9m Fisiologista da Federa\u00e7\u00e3o Portuguesa de Remo.<\/p>\n<hr \/><\/div>\n<p><strong>Treinadora: Patr\u00edcia Batista<\/strong><\/p>\n<p><img data-attachment-id=\"780\" data-permalink=\"https:\/\/navalremo.pt\/site\/corpo-tecnico\/patricia-2\/\" data-orig-file=\"https:\/\/navalremo.pt\/site\/wp-content\/uploads\/2018\/12\/patricia.jpg\" data-orig-size=\"417,454\" data-comments-opened=\"0\" data-image-meta=\"{&quot;aperture&quot;:&quot;0&quot;,&quot;credit&quot;:&quot;&quot;,&quot;camera&quot;:&quot;&quot;,&quot;caption&quot;:&quot;&quot;,&quot;created_timestamp&quot;:&quot;0&quot;,&quot;copyright&quot;:&quot;&quot;,&quot;focal_length&quot;:&quot;0&quot;,&quot;iso&quot;:&quot;0&quot;,&quot;shutter_speed&quot;:&quot;0&quot;,&quot;title&quot;:&quot;&quot;,&quot;orientation&quot;:&quot;0&quot;}\" data-image-title=\"patricia\" data-image-description=\"\" data-medium-file=\"https:\/\/navalremo.pt\/site\/wp-content\/uploads\/2018\/12\/patricia-276x300.jpg\" data-large-file=\"https:\/\/navalremo.pt\/site\/wp-content\/uploads\/2018\/12\/patricia.jpg\" loading=\"lazy\" class=\"wp-image-780 alignleft\" src=\"https:\/\/navalremo.pt\/site\/wp-content\/uploads\/2018\/12\/patricia.jpg\" alt=\"\" width=\"287\" height=\"312\" srcset=\"https:\/\/navalremo.pt\/site\/wp-content\/uploads\/2018\/12\/patricia.jpg 417w, https:\/\/navalremo.pt\/site\/wp-content\/uploads\/2018\/12\/patricia-276x300.jpg 276w\" sizes=\"(max-width: 287px) 100vw, 287px\" \/>A Patr\u00edcia Batista \u00e9 licenciada em Ci\u00eancias do Desporto e Mestre nos Ensinos B\u00e1sico e Secund\u00e1rio da Educa\u00e7\u00e3o F\u00edsica pela Universidade de Coimbra.<\/p>\n<p>Como Atleta representou o Gin\u00e1sio Clube Figueirense, tendo conquistado 12 t\u00edtulos nacionais, entre outras in\u00fameras vit\u00f3rias em competi\u00e7\u00f5es regionais ou particulares de Remo.<\/p>\n<p>Em 2008, a Patr\u00edcia iniciou a sua participa\u00e7\u00e3o enquanto Atleta da Sele\u00e7\u00e3o Nacional de Remo, tendo representado Portugal em diversas regatas internacionais, onde se destaca a sua participa\u00e7\u00e3o no Primeiros Jogos Ol\u00edmpicos da Juventude em 2010.<\/p>\n\n\n<figure class=\"wp-block-image size-large\"><img data-attachment-id=\"1335\" data-permalink=\"https:\/\/navalremo.pt\/site\/corpo-tecnico\/ficha-tecnica-treinadores\/\" data-orig-file=\"https:\/\/navalremo.pt\/site\/wp-content\/uploads\/2021\/06\/Ficha-Tecnica-Treinadores-scaled.jpg\" data-orig-size=\"2560,1740\" data-comments-opened=\"0\" data-image-meta=\"{&quot;aperture&quot;:&quot;0&quot;,&quot;credit&quot;:&quot;&quot;,&quot;camera&quot;:&quot;&quot;,&quot;caption&quot;:&quot;&quot;,&quot;created_timestamp&quot;:&quot;0&quot;,&quot;copyright&quot;:&quot;&quot;,&quot;focal_length&quot;:&quot;0&quot;,&quot;iso&quot;:&quot;0&quot;,&quot;shutter_speed&quot;:&quot;0&quot;,&quot;title&quot;:&quot;&quot;,&quot;orientation&quot;:&quot;0&quot;}\" data-image-title=\"Ficha-Tecnica-Treinadores\" data-image-description=\"\" data-medium-file=\"https:\/\/navalremo.pt\/site\/wp-content\/uploads\/2021\/06\/Ficha-Tecnica-Treinadores-300x204.jpg\" data-large-file=\"https:\/\/navalremo.pt\/site\/wp-content\/uploads\/2021\/06\/Ficha-Tecnica-Treinadores-1024x696.jpg\" loading=\"lazy\" width=\"1024\" height=\"696\" src=\"https:\/\/navalremo.pt\/site\/wp-content\/uploads\/2021\/06\/Ficha-Tecnica-Treinadores-1024x696.jpg\" alt=\"\" class=\"wp-image-1335\" srcset=\"https:\/\/navalremo.pt\/site\/wp-content\/uploads\/2021\/06\/Ficha-Tecnica-Treinadores-1024x696.jpg 1024w, https:\/\/navalremo.pt\/site\/wp-content\/uploads\/2021\/06\/Ficha-Tecnica-Treinadores-300x204.jpg 300w, https:\/\/navalremo.pt\/site\/wp-content\/uploads\/2021\/06\/Ficha-Tecnica-Treinadores-768x522.jpg 768w, https:\/\/navalremo.pt\/site\/wp-content\/uploads\/2021\/06\/Ficha-Tecnica-Treinadores-1536x1044.jpg 1536w, https:\/\/navalremo.pt\/site\/wp-content\/uploads\/2021\/06\/Ficha-Tecnica-Treinadores-2048x1392.jpg 2048w, https:\/\/navalremo.pt\/site\/wp-content\/uploads\/2021\/06\/Ficha-Tecnica-Treinadores-600x408.jpg 600w\" sizes=\"(max-width: 1024px) 100vw, 1024px\" \/><\/figure>\n","protected":false},"excerpt":{"rendered":"<p>O corpo t\u00e9cnico da Associa\u00e7\u00e3o Desportiva Naval Remo \u00e9 formado pelos treinadores Jos\u00e9 Canhola, Patr\u00edcia Batista, In\u00eas Alves e Andreia Marques \u00a0 Treinador: Jos\u00e9 Canhola O treinador Jos\u00e9 Canhola \u00e9 Licenciado em Motricidade Humana pelo Instituto Piaget, Mestre em Treino de Alto Rendimento pela Faculdade de Ci\u00eancias do Desporto e de Educa\u00e7\u00e3o F\u00edsica da Universidade [&hellip;]<\/p>\n","protected":false},"author":2,"featured_media":0,"parent":0,"menu_order":0,"comment_status":"closed","ping_status":"closed","template":"","meta":{"spay_email":""},"_links":{"self":[{"href":"https:\/\/navalremo.pt\/site\/wp-json\/wp\/v2\/pages\/300"}],"collection":[{"href":"https:\/\/navalremo.pt\/site\/wp-json\/wp\/v2\/pages"}],"about":[{"href":"https:\/\/navalremo.pt\/site\/wp-json\/wp\/v2\/types\/page"}],"author":[{"embeddable":true,"href":"https:\/\/navalremo.pt\/site\/wp-json\/wp\/v2\/users\/2"}],"replies":[{"embeddable":true,"href":"https:\/\/navalremo.pt\/site\/wp-json\/wp\/v2\/comments?post=300"}],"version-history":[{"count":47,"href":"https:\/\/navalremo.pt\/site\/wp-json\/wp\/v2\/pages\/300\/revisions"}],"predecessor-version":[{"id":1336,"href":"https:\/\/navalremo.pt\/site\/wp-json\/wp\/v2\/pages\/300\/revisions\/1336"}],"wp:attachment":[{"href":"https:\/\/navalremo.pt\/site\/wp-json\/wp\/v2\/media?parent=300"}],"curies":[{"name":"wp","href":"https:\/\/api.w.org\/{rel}","templated":true}]}}