{"id":293,"date":"2017-07-13T22:33:43","date_gmt":"2017-07-13T22:33:43","guid":{"rendered":"https:\/\/remo.sisaude.com\/site\/?page_id=293"},"modified":"2020-11-01T11:39:11","modified_gmt":"2020-11-01T11:39:11","slug":"estatutos","status":"publish","type":"page","link":"https:\/\/navalremo.pt\/site\/o-nucleo\/estatutos\/","title":{"rendered":"Estatutos"},"content":{"rendered":"<p style=\"text-align: center;\"><strong>Associa\u00e7\u00e3o Desportiva Naval Remo &#8211; ADNR<\/strong><\/p>\n<p style=\"text-align: center;\"><strong>Artigo 1.\u00ba<\/strong><\/p>\n<p style=\"text-align: center;\"><strong>Denomina\u00e7\u00e3o, sede e dura\u00e7\u00e3o<\/strong><\/p>\n<ol>\n<li>A Associa\u00e7\u00e3o, sem fins lucrativos, adota a denomina\u00e7\u00e3o Associa\u00e7\u00e3o Desportiva Naval Remo &#8211; ADNR, e tem a sede na Marina de Recreio \u2013 Posto N\u00e1utico, S\/N, Figueira da Foz, freguesia de Buarcos e S. Juli\u00e3o, concelho de Figueira da Foz e constitui-se por tempo indeterminado.<\/li>\n<li>A Associa\u00e7\u00e3o tem o n\u00famero de pessoa coletiva 514323884 e o n\u00famero de identifica\u00e7\u00e3o na seguran\u00e7a social 25143238845<\/li>\n<\/ol>\n<p style=\"text-align: center;\">\n<p style=\"text-align: center;\"><strong>Artigo 2.\u00ba<\/strong><\/p>\n<p style=\"text-align: center;\"><strong>Fim<\/strong><\/p>\n<p>A Associa\u00e7\u00e3o tem como fim a dinamiza\u00e7\u00e3o e apoio \u00e0 pr\u00e1tica desportiva e l\u00fadica de desportos, nomeadamente o Remo. Organiza\u00e7\u00e3o e promo\u00e7\u00e3o de eventos desportivos, nomeadamente de natureza n\u00e1utica, bem como outras atividades de cariz social e cultural. Desenvolvimento de atividades para a angaria\u00e7\u00e3o de fundos, tendo em vista a melhoria de infraestruturas de suporte \u00e0 pr\u00e1tica desportiva, bem como a aquisi\u00e7\u00e3o, renova\u00e7\u00e3o e manuten\u00e7\u00e3o dos respetivos equipamentos. Promover a integra\u00e7\u00e3o de indiv\u00edduos, incapacitados ou com necessidades espec\u00edficas no acesso a pr\u00e1tica de desporto, nomeadamente de Remo.<\/p>\n<p style=\"text-align: center;\"><strong>Artigo 3.\u00ba<\/strong><\/p>\n<p style=\"text-align: center;\"><strong>Receitas<\/strong><\/p>\n<p>Constituem receitas da associa\u00e7\u00e3o, designadamente:<\/p>\n<ol>\n<li>A joia inicial paga pelos s\u00f3cios;<\/li>\n<li>O produto das quotiza\u00e7\u00f5es;<\/li>\n<li>Constituem ainda receitas:<\/li>\n<\/ol>\n<ol>\n<li style=\"list-style-type: none;\">\n<ol>\n<li>As contribui\u00e7\u00f5es extraordin\u00e1rias dos associados;<\/li>\n<li>Os subs\u00eddios, legados, donativos, liberalidades aceites e doa\u00e7\u00f5es de quaisquer entidades p\u00fablicas e privadas;<\/li>\n<li>Outras receitas, provenientes da realiza\u00e7\u00e3o de programas, projetos, iniciativas, servi\u00e7os prestados, decorrentes ou no \u00e2mbito de publicidade, venda de artigos, bens e equipamento ou eventos para a angaria\u00e7\u00e3o de fundos<\/li>\n<\/ol>\n<\/li>\n<\/ol>\n<p style=\"text-align: center;\"><strong>Artigo 4.\u00ba<\/strong><\/p>\n<p style=\"text-align: center;\"><strong>\u00d3rg\u00e3os<\/strong><\/p>\n<ol>\n<li>S\u00e3o \u00f3rg\u00e3os da Associa\u00e7\u00e3o a Assembleia Geral, a Dire\u00e7\u00e3o e o Conselho Fiscal;<\/li>\n<li>O mandato dos titulares dos \u00f3rg\u00e3os sociais \u00e9 de 2 (dois) anos.<\/li>\n<\/ol>\n<p><strong>\u00a0<\/strong><\/p>\n<p style=\"text-align: center;\"><strong>Artigo 5.\u00ba<\/strong><\/p>\n<p style=\"text-align: center;\"><strong>Assembleia Geral<\/strong><\/p>\n<ol>\n<li>A Assembleia Geral \u00e9 constitu\u00edda por todos os associados no pleno gozo dos seus direitos;<\/li>\n<li>A compet\u00eancia da Assembleia Geral e a forma do seu funcionamento s\u00e3o os estabelecidos no C\u00f3digo Civil, designadamente no artigo 170\u00ba, e nos artigos 172\u00ba a 179\u00ba.<\/li>\n<li>A Mesa da Assembleia Geral \u00e9 composta por tr\u00eas associados, um Presidente e dois Secret\u00e1rios, competindo-lhes dirigir as reuni\u00f5es da Assembleia e lavrar as respetivas atas.<\/li>\n<\/ol>\n<p><strong>\u00a0<\/strong><\/p>\n<p style=\"text-align: center;\"><strong>Artigo 6.\u00ba<\/strong><\/p>\n<p style=\"text-align: center;\"><strong>Dire\u00e7\u00e3o<\/strong><\/p>\n<ol>\n<li>A Dire\u00e7\u00e3o, eleita em Assembleia Geral, \u00e9 composta por um n\u00famero \u00edmpar de associados, podendo ser no m\u00ednimo 5 e no m\u00e1ximo 7;<\/li>\n<li>\u00c0 Dire\u00e7\u00e3o compete a ger\u00eancia social, administrativa e financeira da Associa\u00e7\u00e3o, representar a Associa\u00e7\u00e3o em ju\u00edzo e fora dele;<\/li>\n<li>A forma do seu funcionamento \u00e9 a estabelecida no artigo 171\u00ba do C\u00f3digo Civil;<\/li>\n<li>A Associa\u00e7\u00e3o obriga-se com a interven\u00e7\u00e3o de 2 associados da Dire\u00e7\u00e3o.<\/li>\n<\/ol>\n<p><strong>\u00a0<\/strong><\/p>\n<p style=\"text-align: center;\"><strong>Artigo 7.\u00ba<\/strong><\/p>\n<p style=\"text-align: center;\"><strong>Conselho Fiscal<\/strong><\/p>\n<ol>\n<li>O Conselho Fiscal, eleito em Assembleia Geral, \u00e9 composto 3 associados;<\/li>\n<li>Ao Conselho Fiscal compete fiscalizar os atos administrativos e financeiros da Dire\u00e7\u00e3o, fiscalizar as suas contas e relat\u00f3rios, e dar parecer sobre os atos que impliquem aumento das despesas ou diminui\u00e7\u00e3o das receitas;<\/li>\n<li>A forma do seu funcionamento \u00e9 a estabelecida no artigo 171\u00ba do C\u00f3digo Civil.<\/li>\n<\/ol>\n<p><strong>\u00a0<\/strong><\/p>\n<p style=\"text-align: center;\"><strong>Artigo 8.\u00ba<\/strong><\/p>\n<p style=\"text-align: center;\"><strong>Admiss\u00e3o e exclus\u00e3o<\/strong><\/p>\n<p>As condi\u00e7\u00f5es de admiss\u00e3o e exclus\u00e3o dos associados, suas categorias, direitos e obriga\u00e7\u00f5es, constar\u00e3o de regulamento a aprovar pela Assembleia Geral.<\/p>\n<p><strong>\u00a0<\/strong><\/p>\n<p style=\"text-align: center;\"><strong>Artigo 9.\u00ba<\/strong><\/p>\n<p style=\"text-align: center;\"><strong>Extin\u00e7\u00e3o. Destino dos bens<\/strong><\/p>\n<p>Extinta a Associa\u00e7\u00e3o, o destino dos bens que integram o patrim\u00f3nio social, que n\u00e3o estejam afetados a fim determinado e que n\u00e3o lhe tenham sido doados ou deixados com algum encargo, ser\u00e1 objeto de delibera\u00e7\u00e3o dos associados.<\/p>\n","protected":false},"excerpt":{"rendered":"<p>Associa\u00e7\u00e3o Desportiva Naval Remo &#8211; ADNR Artigo 1.\u00ba Denomina\u00e7\u00e3o, sede e dura\u00e7\u00e3o A Associa\u00e7\u00e3o, sem fins lucrativos, adota a denomina\u00e7\u00e3o Associa\u00e7\u00e3o Desportiva Naval Remo &#8211; ADNR, e tem a sede na Marina de Recreio \u2013 Posto N\u00e1utico, S\/N, Figueira da Foz, freguesia de Buarcos e S. Juli\u00e3o, concelho de Figueira da Foz e constitui-se por [&hellip;]<\/p>\n","protected":false},"author":2,"featured_media":0,"parent":89,"menu_order":0,"comment_status":"closed","ping_status":"closed","template":"","meta":{"spay_email":""},"_links":{"self":[{"href":"https:\/\/navalremo.pt\/site\/wp-json\/wp\/v2\/pages\/293"}],"collection":[{"href":"https:\/\/navalremo.pt\/site\/wp-json\/wp\/v2\/pages"}],"about":[{"href":"https:\/\/navalremo.pt\/site\/wp-json\/wp\/v2\/types\/page"}],"author":[{"embeddable":true,"href":"https:\/\/navalremo.pt\/site\/wp-json\/wp\/v2\/users\/2"}],"replies":[{"embeddable":true,"href":"https:\/\/navalremo.pt\/site\/wp-json\/wp\/v2\/comments?post=293"}],"version-history":[{"count":6,"href":"https:\/\/navalremo.pt\/site\/wp-json\/wp\/v2\/pages\/293\/revisions"}],"predecessor-version":[{"id":1007,"href":"https:\/\/navalremo.pt\/site\/wp-json\/wp\/v2\/pages\/293\/revisions\/1007"}],"up":[{"embeddable":true,"href":"https:\/\/navalremo.pt\/site\/wp-json\/wp\/v2\/pages\/89"}],"wp:attachment":[{"href":"https:\/\/navalremo.pt\/site\/wp-json\/wp\/v2\/media?parent=293"}],"curies":[{"name":"wp","href":"https:\/\/api.w.org\/{rel}","templated":true}]}}