{"id":1984,"date":"2022-02-08T15:31:56","date_gmt":"2022-02-08T15:31:56","guid":{"rendered":"https:\/\/navalremo.pt\/site\/?page_id=1984"},"modified":"2022-02-08T15:31:58","modified_gmt":"2022-02-08T15:31:58","slug":"tipologia-de-canoagem","status":"publish","type":"page","link":"https:\/\/navalremo.pt\/site\/tipologia-de-canoagem\/","title":{"rendered":"Tipologia de Canoagem"},"content":{"rendered":"\n<h2><strong>Especialidades Competitivas<\/strong><\/h2>\n\n\n\n<p>Velocidade<\/p>\n\n\n\n<ul><li>Regatas em Linha: 200, 500 e 1000 mts<\/li><li>Regata de Fundo: 2000 a 5000 mts, s\u00e3o provas de grande espectacularidade<\/li><\/ul>\n\n\n\n<p>Maratona<\/p>\n\n\n\n<p>Primeiras Pagaiadas: destinadas a todos os atletas Menores, Iniciados, Infantis e Cadetes, ser\u00e1 a tua primeira competi\u00e7\u00e3o!<\/p>\n\n\n\n<p>Canoagem de Mar<\/p>\n\n\n\n<p>Slalom<\/p>\n\n\n\n<p>Kayak Polo<\/p>\n\n\n\n<p>Primeiras Pagaiadas<\/p>\n\n\n\n<p>Kayaksurf e Waveski<\/p>\n\n\n\n<p>Canoagem de Mar<\/p>\n\n\n\n<p>Rafting<\/p>\n\n\n\n<h2><strong>Especialidades n\u00e3o Competitivas<\/strong><\/h2>\n\n\n\n<p>Canoagem de Lazer<\/p>\n","protected":false},"excerpt":{"rendered":"<p>Especialidades Competitivas Velocidade Regatas em Linha: 200, 500 e 1000 mts Regata de Fundo: 2000 a 5000 mts, s\u00e3o provas de grande espectacularidade Maratona Primeiras Pagaiadas: destinadas a todos os atletas Menores, Iniciados, Infantis e Cadetes, ser\u00e1 a tua primeira competi\u00e7\u00e3o! Canoagem de Mar Slalom Kayak Polo Primeiras Pagaiadas Kayaksurf e Waveski Canoagem de Mar [&hellip;]<\/p>\n","protected":false},"author":2,"featured_media":0,"parent":0,"menu_order":0,"comment_status":"closed","ping_status":"closed","template":"","meta":{"spay_email":""},"_links":{"self":[{"href":"https:\/\/navalremo.pt\/site\/wp-json\/wp\/v2\/pages\/1984"}],"collection":[{"href":"https:\/\/navalremo.pt\/site\/wp-json\/wp\/v2\/pages"}],"about":[{"href":"https:\/\/navalremo.pt\/site\/wp-json\/wp\/v2\/types\/page"}],"author":[{"embeddable":true,"href":"https:\/\/navalremo.pt\/site\/wp-json\/wp\/v2\/users\/2"}],"replies":[{"embeddable":true,"href":"https:\/\/navalremo.pt\/site\/wp-json\/wp\/v2\/comments?post=1984"}],"version-history":[{"count":1,"href":"https:\/\/navalremo.pt\/site\/wp-json\/wp\/v2\/pages\/1984\/revisions"}],"predecessor-version":[{"id":1986,"href":"https:\/\/navalremo.pt\/site\/wp-json\/wp\/v2\/pages\/1984\/revisions\/1986"}],"wp:attachment":[{"href":"https:\/\/navalremo.pt\/site\/wp-json\/wp\/v2\/media?parent=1984"}],"curies":[{"name":"wp","href":"https:\/\/api.w.org\/{rel}","templated":true}]}}