{"id":1981,"date":"2022-02-08T15:29:24","date_gmt":"2022-02-08T15:29:24","guid":{"rendered":"https:\/\/navalremo.pt\/site\/?page_id=1981"},"modified":"2022-02-08T15:29:25","modified_gmt":"2022-02-08T15:29:25","slug":"categorias-de-atletas","status":"publish","type":"page","link":"https:\/\/navalremo.pt\/site\/categorias-de-atletas\/","title":{"rendered":"Categorias de atletas"},"content":{"rendered":"\n<p>M\u00ednimos:&nbsp;&nbsp;&nbsp;&nbsp;&nbsp;&nbsp;&nbsp;&nbsp;&nbsp;&nbsp; menos de 9 anos de idade na \u00e9poca em curso<\/p>\n\n\n\n<p>Menores:&nbsp;&nbsp;&nbsp;&nbsp;&nbsp;&nbsp;&nbsp;&nbsp;&nbsp;&nbsp; completam 9 ou 10 anos na \u00e9poca em curso<\/p>\n\n\n\n<p>Iniciados:&nbsp;&nbsp;&nbsp;&nbsp;&nbsp;&nbsp;&nbsp;&nbsp;&nbsp;&nbsp; completam 11 ou 12 anos na \u00e9opca em curso<\/p>\n\n\n\n<p>Infantis:&nbsp;&nbsp;&nbsp;&nbsp;&nbsp;&nbsp;&nbsp;&nbsp;&nbsp;&nbsp;&nbsp;&nbsp; completam 13 ou 14 anos na \u00e9poca em curso<\/p>\n\n\n\n<p>Cadetes:&nbsp;&nbsp;&nbsp;&nbsp;&nbsp;&nbsp;&nbsp;&nbsp;&nbsp;&nbsp;&nbsp;&nbsp; completam 15 ou 16 anos na \u00e9poca em curso<\/p>\n\n\n\n<p>Juniores:&nbsp;&nbsp;&nbsp;&nbsp;&nbsp;&nbsp;&nbsp;&nbsp;&nbsp;&nbsp;&nbsp; completam 17 ou 18 anos na \u00e9poca em curso<\/p>\n\n\n\n<p>Seniores:&nbsp;&nbsp;&nbsp;&nbsp;&nbsp;&nbsp;&nbsp;&nbsp;&nbsp;&nbsp;&nbsp; completam 19 anos na \u00e9poca em curso<\/p>\n\n\n\n<p>Veteranos (A, B, C, D)<\/p>\n\n\n\n<p>A: 35-44 anos; B: 45-54 anos; C: 55-64 anos; D: 65 anos ou mais<\/p>\n","protected":false},"excerpt":{"rendered":"<p>M\u00ednimos:&nbsp;&nbsp;&nbsp;&nbsp;&nbsp;&nbsp;&nbsp;&nbsp;&nbsp;&nbsp; menos de 9 anos de idade na \u00e9poca em curso Menores:&nbsp;&nbsp;&nbsp;&nbsp;&nbsp;&nbsp;&nbsp;&nbsp;&nbsp;&nbsp; completam 9 ou 10 anos na \u00e9poca em curso Iniciados:&nbsp;&nbsp;&nbsp;&nbsp;&nbsp;&nbsp;&nbsp;&nbsp;&nbsp;&nbsp; completam 11 ou 12 anos na \u00e9opca em curso Infantis:&nbsp;&nbsp;&nbsp;&nbsp;&nbsp;&nbsp;&nbsp;&nbsp;&nbsp;&nbsp;&nbsp;&nbsp; completam 13 ou 14 anos na \u00e9poca em curso Cadetes:&nbsp;&nbsp;&nbsp;&nbsp;&nbsp;&nbsp;&nbsp;&nbsp;&nbsp;&nbsp;&nbsp;&nbsp; completam 15 ou 16 anos na \u00e9poca em curso Juniores:&nbsp;&nbsp;&nbsp;&nbsp;&nbsp;&nbsp;&nbsp;&nbsp;&nbsp;&nbsp;&nbsp; completam 17 ou [&hellip;]<\/p>\n","protected":false},"author":2,"featured_media":0,"parent":0,"menu_order":0,"comment_status":"closed","ping_status":"closed","template":"","meta":{"spay_email":""},"_links":{"self":[{"href":"https:\/\/navalremo.pt\/site\/wp-json\/wp\/v2\/pages\/1981"}],"collection":[{"href":"https:\/\/navalremo.pt\/site\/wp-json\/wp\/v2\/pages"}],"about":[{"href":"https:\/\/navalremo.pt\/site\/wp-json\/wp\/v2\/types\/page"}],"author":[{"embeddable":true,"href":"https:\/\/navalremo.pt\/site\/wp-json\/wp\/v2\/users\/2"}],"replies":[{"embeddable":true,"href":"https:\/\/navalremo.pt\/site\/wp-json\/wp\/v2\/comments?post=1981"}],"version-history":[{"count":1,"href":"https:\/\/navalremo.pt\/site\/wp-json\/wp\/v2\/pages\/1981\/revisions"}],"predecessor-version":[{"id":1983,"href":"https:\/\/navalremo.pt\/site\/wp-json\/wp\/v2\/pages\/1981\/revisions\/1983"}],"wp:attachment":[{"href":"https:\/\/navalremo.pt\/site\/wp-json\/wp\/v2\/media?parent=1981"}],"curies":[{"name":"wp","href":"https:\/\/api.w.org\/{rel}","templated":true}]}}