{"id":1975,"date":"2022-02-08T15:26:54","date_gmt":"2022-02-08T15:26:54","guid":{"rendered":"https:\/\/navalremo.pt\/site\/?page_id=1975"},"modified":"2022-02-08T15:26:56","modified_gmt":"2022-02-08T15:26:56","slug":"o-que-e-necessario-para-praticar-canoagem","status":"publish","type":"page","link":"https:\/\/navalremo.pt\/site\/o-que-e-necessario-para-praticar-canoagem\/","title":{"rendered":"O que \u00e9 necess\u00e1rio para praticar Canoagem"},"content":{"rendered":"\n<p>Vontade, alegria e saber nadar<\/p>\n\n\n\n<p>Equipamento gen\u00e9rico:<\/p>\n\n\n\n<ul><li>Cal\u00e7\u00f5es, se poss\u00edvel, de lycra pretos<\/li><li>T- shirt<\/li><li>Meias grossas<\/li><li>Chap\u00e9u ou bon\u00e9 para proteger do sol<\/li><li>Chinelos ou sand\u00e1lias de praia<\/li><li>Sapatilhas<\/li><li>Outro equipamento da Naval \u2013 \u00e0 venda na secretaria (camisola, cal\u00e7\u00f5es, cal\u00e7as, casaco, camisola de tempo quente, blus\u00e3o, etc)<\/li><\/ul>\n\n\n\n<p>Documentos para inscri\u00e7\u00e3o:<\/p>\n\n\n\n<ul><li>Fotoc\u00f3pia do B.I. do Encarregado de Educa\u00e7\u00e3o<\/li><li>Fotoc\u00f3pia do B.I. do Educando<\/li><li>1 Fotografia<\/li><\/ul>\n","protected":false},"excerpt":{"rendered":"<p>Vontade, alegria e saber nadar Equipamento gen\u00e9rico: Cal\u00e7\u00f5es, se poss\u00edvel, de lycra pretos T- shirt Meias grossas Chap\u00e9u ou bon\u00e9 para proteger do sol Chinelos ou sand\u00e1lias de praia Sapatilhas Outro equipamento da Naval \u2013 \u00e0 venda na secretaria (camisola, cal\u00e7\u00f5es, cal\u00e7as, casaco, camisola de tempo quente, blus\u00e3o, etc) Documentos para inscri\u00e7\u00e3o: Fotoc\u00f3pia do B.I. [&hellip;]<\/p>\n","protected":false},"author":2,"featured_media":0,"parent":0,"menu_order":0,"comment_status":"closed","ping_status":"closed","template":"","meta":{"spay_email":""},"_links":{"self":[{"href":"https:\/\/navalremo.pt\/site\/wp-json\/wp\/v2\/pages\/1975"}],"collection":[{"href":"https:\/\/navalremo.pt\/site\/wp-json\/wp\/v2\/pages"}],"about":[{"href":"https:\/\/navalremo.pt\/site\/wp-json\/wp\/v2\/types\/page"}],"author":[{"embeddable":true,"href":"https:\/\/navalremo.pt\/site\/wp-json\/wp\/v2\/users\/2"}],"replies":[{"embeddable":true,"href":"https:\/\/navalremo.pt\/site\/wp-json\/wp\/v2\/comments?post=1975"}],"version-history":[{"count":1,"href":"https:\/\/navalremo.pt\/site\/wp-json\/wp\/v2\/pages\/1975\/revisions"}],"predecessor-version":[{"id":1977,"href":"https:\/\/navalremo.pt\/site\/wp-json\/wp\/v2\/pages\/1975\/revisions\/1977"}],"wp:attachment":[{"href":"https:\/\/navalremo.pt\/site\/wp-json\/wp\/v2\/media?parent=1975"}],"curies":[{"name":"wp","href":"https:\/\/api.w.org\/{rel}","templated":true}]}}