{"id":1955,"date":"2022-02-08T14:56:33","date_gmt":"2022-02-08T14:56:33","guid":{"rendered":"https:\/\/navalremo.pt\/site\/?page_id=1955"},"modified":"2022-02-08T14:56:35","modified_gmt":"2022-02-08T14:56:35","slug":"canoagem","status":"publish","type":"page","link":"https:\/\/navalremo.pt\/site\/canoagem\/","title":{"rendered":"Canoagem"},"content":{"rendered":"\n<h2>Como Praticar<\/h2>\n\n\n\n<p>O Modalidade de Canoagem est\u00e1 aberta a participantes de todas as idades ou a todos que se queiram fazer s\u00f3cios, basta para o efeito dirigirem-se ao Posto N\u00e1utico da Naval ou preencher a ficha de s\u00f3cio no portal da Naval Remo.<\/p>\n\n\n\n<p>Os s\u00f3cios praticantes s\u00e3o enquadrados em termos t\u00e9cnicos pelo Treinador de Canoagem Alain Acart.<\/p>\n\n\n\n<p>Os praticantes livres t\u00eam apenas de preencher a respetiva ficha de inscri\u00e7\u00e3o de s\u00f3cio e cumprir com as regras de funcionamento que constam deste portal.<\/p>\n","protected":false},"excerpt":{"rendered":"<p>Como Praticar O Modalidade de Canoagem est\u00e1 aberta a participantes de todas as idades ou a todos que se queiram fazer s\u00f3cios, basta para o efeito dirigirem-se ao Posto N\u00e1utico da Naval ou preencher a ficha de s\u00f3cio no portal da Naval Remo. Os s\u00f3cios praticantes s\u00e3o enquadrados em termos t\u00e9cnicos pelo Treinador de Canoagem [&hellip;]<\/p>\n","protected":false},"author":2,"featured_media":0,"parent":0,"menu_order":0,"comment_status":"closed","ping_status":"closed","template":"","meta":{"spay_email":""},"_links":{"self":[{"href":"https:\/\/navalremo.pt\/site\/wp-json\/wp\/v2\/pages\/1955"}],"collection":[{"href":"https:\/\/navalremo.pt\/site\/wp-json\/wp\/v2\/pages"}],"about":[{"href":"https:\/\/navalremo.pt\/site\/wp-json\/wp\/v2\/types\/page"}],"author":[{"embeddable":true,"href":"https:\/\/navalremo.pt\/site\/wp-json\/wp\/v2\/users\/2"}],"replies":[{"embeddable":true,"href":"https:\/\/navalremo.pt\/site\/wp-json\/wp\/v2\/comments?post=1955"}],"version-history":[{"count":1,"href":"https:\/\/navalremo.pt\/site\/wp-json\/wp\/v2\/pages\/1955\/revisions"}],"predecessor-version":[{"id":1956,"href":"https:\/\/navalremo.pt\/site\/wp-json\/wp\/v2\/pages\/1955\/revisions\/1956"}],"wp:attachment":[{"href":"https:\/\/navalremo.pt\/site\/wp-json\/wp\/v2\/media?parent=1955"}],"curies":[{"name":"wp","href":"https:\/\/api.w.org\/{rel}","templated":true}]}}