{"id":1046,"date":"2020-12-10T12:37:02","date_gmt":"2020-12-10T12:37:02","guid":{"rendered":"https:\/\/navalremo.pt\/site\/?page_id=1046"},"modified":"2020-12-10T12:37:04","modified_gmt":"2020-12-10T12:37:04","slug":"covid-19","status":"publish","type":"page","link":"https:\/\/navalremo.pt\/site\/covid-19\/","title":{"rendered":"COVID-19"},"content":{"rendered":"\n<p><strong>Medidas de Preven\u00e7\u00e3o e Conting\u00eancia no contexto da Pandemia COVID-19<\/strong><\/p>\n\n\n\n<p><strong>Atletas:<\/strong><\/p>\n\n\n\n<ul><li>Devem medir a temperatura corporal \u00e0 entrada do Posto N\u00e1utico;<\/li><li>Devem comunicar ao treinador qualquer sintomatologia anormal n\u00e3o relacionada com o treino nomeadamente: febre, tosse, mialgias intensas n\u00e3o relacionadas com o treino, fraqueza muscular, cefaleias falta de ar, perda de sabor ou de cheiro;<\/li><li>Devem respeitar as regras de distanciamento social e higieniza\u00e7\u00e3o descritas para as instala\u00e7\u00f5es, equipamentos e embarca\u00e7\u00f5es;<\/li><li>Para al\u00e9m da lavagem frequente das m\u00e3os \u00e9 aconselh\u00e1vel que todos os Atletas tragam uma solu\u00e7\u00e3o alco\u00f3lica para irem desinfetando as m\u00e3os e ou superf\u00edcies;<\/li><li>Depois do treino devem lavar todo o equipamento de treino num programa igual ou superior a 60\u00ba (verificar instru\u00e7\u00f5es do tecido);<\/li><li>Sempre que poss\u00edvel e desde que a dist\u00e2ncia o permita devem vir equipados e regressar a casa para o banho ap\u00f3s o treino, sem que tal comprometa a sua sa\u00fade;<\/li><li>Devem usar m\u00e1scara sempre que tenham de se deslocar dentro das instala\u00e7\u00f5es;<\/li><li>Cumprir com regras gerais de higiene e de etiqueta respirat\u00f3ria;<\/li><li>Devem utilizar ferramenta individual para ajustes no barco.<\/li><\/ul>\n\n\n\n<figure class=\"wp-block-image size-large\"><img data-attachment-id=\"1047\" data-permalink=\"https:\/\/navalremo.pt\/site\/covid-19\/covid\/\" data-orig-file=\"https:\/\/navalremo.pt\/site\/wp-content\/uploads\/2020\/12\/covid.png\" data-orig-size=\"1044,250\" data-comments-opened=\"0\" data-image-meta=\"{&quot;aperture&quot;:&quot;0&quot;,&quot;credit&quot;:&quot;&quot;,&quot;camera&quot;:&quot;&quot;,&quot;caption&quot;:&quot;&quot;,&quot;created_timestamp&quot;:&quot;0&quot;,&quot;copyright&quot;:&quot;&quot;,&quot;focal_length&quot;:&quot;0&quot;,&quot;iso&quot;:&quot;0&quot;,&quot;shutter_speed&quot;:&quot;0&quot;,&quot;title&quot;:&quot;&quot;,&quot;orientation&quot;:&quot;0&quot;}\" data-image-title=\"covid\" data-image-description=\"\" data-medium-file=\"https:\/\/navalremo.pt\/site\/wp-content\/uploads\/2020\/12\/covid-300x72.png\" data-large-file=\"https:\/\/navalremo.pt\/site\/wp-content\/uploads\/2020\/12\/covid-1024x245.png\" loading=\"lazy\" width=\"1024\" height=\"245\" src=\"https:\/\/navalremo.pt\/site\/wp-content\/uploads\/2020\/12\/covid-1024x245.png\" alt=\"\" class=\"wp-image-1047\" srcset=\"https:\/\/navalremo.pt\/site\/wp-content\/uploads\/2020\/12\/covid-1024x245.png 1024w, https:\/\/navalremo.pt\/site\/wp-content\/uploads\/2020\/12\/covid-600x144.png 600w, https:\/\/navalremo.pt\/site\/wp-content\/uploads\/2020\/12\/covid-300x72.png 300w, https:\/\/navalremo.pt\/site\/wp-content\/uploads\/2020\/12\/covid-768x184.png 768w, https:\/\/navalremo.pt\/site\/wp-content\/uploads\/2020\/12\/covid.png 1044w\" sizes=\"(max-width: 1024px) 100vw, 1024px\" \/><\/figure>\n\n\n\n<p>\u00c9 essencial que as medidas acima indicadas sejam cumpridas no sentido de garantir as condi\u00e7\u00f5es de seguran\u00e7a, prevenindo eventual cont\u00e1gio.<\/p>\n\n\n\n<p>Os Atletas e os respons\u00e1veis \/ familiares dos Atletas devem estar conscientes dos riscos que todos n\u00f3s corremos quando vamos para o trabalho ou nas atividades mais comuns do dia a dia, sendo os primeiros agentes na preven\u00e7\u00e3o e combate a esta Pandemia.<\/p>\n\n\n\n<p><strong>Deste modo e com sentido de responsabilidade apelamos enquanto condi\u00e7\u00e3o obrigat\u00f3ria ao seguinte:<\/strong><\/p>\n\n\n\n<ul><li><strong>Os encarregados de educa\u00e7\u00e3o e\/ou Atletas s\u00e3o respons\u00e1veis pela manuten\u00e7\u00e3o da sua sa\u00fade e dos seus devendo manter a avalia\u00e7\u00e3o cont\u00ednua do estado de sa\u00fade geral;<\/strong><\/li><li><strong>No caso do Atleta manifestar sintomatologia anormal n\u00e3o relacionada com o treino nomeadamente: febre, tosse, mialgias intensas n\u00e3o relacionadas com o treino, fraqueza muscular, cefaleias falta de ar, perda de sabor ou de cheiro, o respons\u00e1vel ou familiar deve informar a Treinadora e \/ ou Dire\u00e7\u00e3o de imediato n\u00e3o deve ir ao Posto N\u00e1utico, tendo a obriga\u00e7\u00e3o de avisar Treinadores e Dire\u00e7\u00e3o do Clube sobre o seu estado de Sa\u00fade;<\/strong><\/li><li><strong>Devem instalar a aplica\u00e7\u00e3o \u201cStay Away COVID\u201d .<\/strong><\/li><\/ul>\n\n\n\n<p><strong>Em qualquer caso aconselhamos a leitura do nosso Plano de Medidas Preventivas e de Conting\u00eancia.<\/strong><\/p>\n","protected":false},"excerpt":{"rendered":"<p>Medidas de Preven\u00e7\u00e3o e Conting\u00eancia no contexto da Pandemia COVID-19 Atletas: Devem medir a temperatura corporal \u00e0 entrada do Posto N\u00e1utico; Devem comunicar ao treinador qualquer sintomatologia anormal n\u00e3o relacionada com o treino nomeadamente: febre, tosse, mialgias intensas n\u00e3o relacionadas com o treino, fraqueza muscular, cefaleias falta de ar, perda de sabor ou de cheiro; [&hellip;]<\/p>\n","protected":false},"author":2,"featured_media":0,"parent":0,"menu_order":0,"comment_status":"closed","ping_status":"closed","template":"","meta":{"spay_email":""},"_links":{"self":[{"href":"https:\/\/navalremo.pt\/site\/wp-json\/wp\/v2\/pages\/1046"}],"collection":[{"href":"https:\/\/navalremo.pt\/site\/wp-json\/wp\/v2\/pages"}],"about":[{"href":"https:\/\/navalremo.pt\/site\/wp-json\/wp\/v2\/types\/page"}],"author":[{"embeddable":true,"href":"https:\/\/navalremo.pt\/site\/wp-json\/wp\/v2\/users\/2"}],"replies":[{"embeddable":true,"href":"https:\/\/navalremo.pt\/site\/wp-json\/wp\/v2\/comments?post=1046"}],"version-history":[{"count":1,"href":"https:\/\/navalremo.pt\/site\/wp-json\/wp\/v2\/pages\/1046\/revisions"}],"predecessor-version":[{"id":1048,"href":"https:\/\/navalremo.pt\/site\/wp-json\/wp\/v2\/pages\/1046\/revisions\/1048"}],"wp:attachment":[{"href":"https:\/\/navalremo.pt\/site\/wp-json\/wp\/v2\/media?parent=1046"}],"curies":[{"name":"wp","href":"https:\/\/api.w.org\/{rel}","templated":true}]}}