{"id":103,"date":"2017-07-01T17:02:50","date_gmt":"2017-07-01T17:02:50","guid":{"rendered":"https:\/\/remo.sisaude.com\/site\/?page_id=103"},"modified":"2017-07-21T22:23:23","modified_gmt":"2017-07-21T22:23:23","slug":"naval-1o-de-maio","status":"publish","type":"page","link":"https:\/\/navalremo.pt\/site\/naval-1o-de-maio\/","title":{"rendered":"Naval 1\u00ba de Maio"},"content":{"rendered":"<h1 style=\"text-align: center;\">Associa\u00e7\u00e3o Naval 1\u00ba de Maio<\/h1>\n<div><center><img data-attachment-id=\"527\" data-permalink=\"https:\/\/navalremo.pt\/site\/naval-1o-de-maio\/logo_naval-2\/\" data-orig-file=\"https:\/\/navalremo.pt\/site\/wp-content\/uploads\/2017\/07\/logo_naval-1.png\" data-orig-size=\"300,416\" data-comments-opened=\"0\" data-image-meta=\"{&quot;aperture&quot;:&quot;0&quot;,&quot;credit&quot;:&quot;&quot;,&quot;camera&quot;:&quot;&quot;,&quot;caption&quot;:&quot;&quot;,&quot;created_timestamp&quot;:&quot;0&quot;,&quot;copyright&quot;:&quot;&quot;,&quot;focal_length&quot;:&quot;0&quot;,&quot;iso&quot;:&quot;0&quot;,&quot;shutter_speed&quot;:&quot;0&quot;,&quot;title&quot;:&quot;&quot;,&quot;orientation&quot;:&quot;0&quot;}\" data-image-title=\"Naval 1\u00ba de Maio\" data-image-description=\"\" data-medium-file=\"https:\/\/navalremo.pt\/site\/wp-content\/uploads\/2017\/07\/logo_naval-1-216x300.png\" data-large-file=\"https:\/\/navalremo.pt\/site\/wp-content\/uploads\/2017\/07\/logo_naval-1.png\" loading=\"lazy\" class=\"wp-image-527 size-medium alignleft\" src=\"https:\/\/navalremo.pt\/site\/wp-content\/uploads\/2017\/07\/logo_naval-1-216x300.png\" alt=\"\" width=\"216\" height=\"300\" srcset=\"https:\/\/navalremo.pt\/site\/wp-content\/uploads\/2017\/07\/logo_naval-1-216x300.png 216w, https:\/\/navalremo.pt\/site\/wp-content\/uploads\/2017\/07\/logo_naval-1.png 300w\" sizes=\"(max-width: 216px) 100vw, 216px\" \/><\/center><\/div>\n<p style=\"text-align: justify;\">A Associa\u00e7\u00e3o Naval 1\u00ba de Maio, foi fundada em 1 de Maio de 1893, sucedendo \u00e0 extinta Associa\u00e7\u00e3o Naval Figueirense.<\/p>\n<p style=\"text-align: justify;\">Sendo uma Associa\u00e7\u00e3o de raiz iminentemente oper\u00e1ria o nome escolhido para a agremia\u00e7\u00e3o n\u00e3o poderia ter sido mais apropriado, assim como o dia escolhido para a sua implementa\u00e7\u00e3o &#8211; o dia do Trabalhador, de 1893.<\/p>\n<p style=\"text-align: justify;\">Como primeiro Presidente da sua Direc\u00e7\u00e3o, a Naval teve Jo\u00e3o da Encarna\u00e7\u00e3o, banheiro da Praia da Claridade, da cidade sede da Figueira da Foz.<\/p>\n<p style=\"text-align: justify;\">Na sua fase inicial, a Naval tinha por objectivo a pr\u00e1tica de desportos na\u00faticos, por parte dos seus associados. E foi no Remo, durante os seus primeiros anos de hist\u00f3ria, que a Naval 1\u00ba de Maio almejou alguns dos seus grandes sucessos desportivos. Mas, embora tenha nascido com uma vertente na\u00fatica, a Naval 1\u00ba de Maio foi alargando as suas sec\u00e7\u00f5es desportivas e culturais, numa tentativa de porpocionar aos seus associados um leque variado de op\u00e7\u00f5es de pr\u00e1tica desportiva e de actividades l\u00fadicas.<\/p>\n<p style=\"text-align: justify;\">Assim, para al\u00e9m da sec\u00e7\u00e3o naval, surgiu a gin\u00e1stica, a nata\u00e7\u00e3o, o futebol, a patinagem, os pesos e halteres, a luta greco-romana, basquetebol, tiro, esgrima, dan\u00e7a, entre outros.<\/p>\n<p style=\"text-align: justify;\">Tamb\u00e9m foi objectivo dos fundadores da Naval 1\u00ba de Maio, proporcionar um desenvolvimento cultural e c\u00edvico aos seus associados, promovendo, como era tradicional na \u00e9poca, actividades recreativas, de que se destacam os passeios, bailes, festas, animat\u00f3grafo, garraiada, orfe\u00e3o e o teatro.<\/p>\n<p style=\"text-align: justify;\">Como conclus\u00e3o desta intensa actividade destaque-se que a Associa\u00e7\u00e3o Naval 1\u00ba de Maio foi a terceira colectividade portuguesa a ser reconhecida pelo Comit\u00e9 Ol\u00edmpico Portugu\u00eas, e \u00e9, presentemente, a quarta colectividade desportiva mais antiga do pa\u00eds, com 116 anos de exist\u00eancia.<\/p>\n<p style=\"text-align: justify;\">Muito do enorme esp\u00f3lio da Associa\u00e7\u00e3o Naval 1\u00ba de Maio foi consumido num inc\u00eandio, que no dia 4 de Julho de 1997, destruiu a sua sede social. Com ele quase desapareceram 105 anos de hist\u00f3ria, \u00e0 data, da Naval 1\u00ba de Maio.<\/p>\n<p style=\"text-align: justify;\">Posteriormente ao inc\u00eandio, a Naval 1\u00ba de Maio implementou a sua sede provis\u00f3ria no Est\u00e1dio Municipal Jos\u00e9 Bento Pessoa, onde se mant\u00e9m at\u00e9 aos dias de hoje.<\/p>\n<p>&nbsp;<\/p>\n<h2>A mudan\u00e7a de cores<\/h2>\n<div>\n<p style=\"text-align: justify;\">Segundo o Regulamento N\u00e1utico da Naval, datado de 3 de Junho de 1907, os uniformes eram azuis e brancos e o galhardete tamb\u00e9m era azul e branco em quatro partes com uma \u00e2ncora vermelha ao centro.<\/p>\n<p style=\"text-align: justify;\">Poucos meses antes da implanta\u00e7\u00e3o da Rep\u00fablica, no dia 16 de Junho de 1911, a Naval deslocou-se a Lisboa para disputar o Campeonato Nacional de Remo &#8211; &#8220;Ta\u00e7a Lisboa&#8221;. A tripula\u00e7\u00e3o da Naval era composta pelo timoneiro Ant\u00f3nio Nogueira e pelos remadores David Viana, Henrique Varanga, Jos\u00e9 Faria e Oliveira e Patr\u00edcio Dias venceu a prova de forma brilhante sagrando-se campe\u00e3 nacional. Ap\u00f3s a cortar a meta, a tripula\u00e7\u00e3o navalista foi alvo de uma chuva de carv\u00e3o de pedra lan\u00e7ada por marinheiros a partir das fragatas ancoradas no Tejo, chamando-lhes &#8220;talassas&#8221;, identificando-os assim com o regime mon\u00e1rquico, devido ao azul e branco dos seus equipamentos. Apesar da despedida de Lisboa ter sido bastante desagrad\u00e1vel a chegada \u00e0 Figueira da Foz apote\u00f3tica.<\/p>\n<p style=\"text-align: justify;\">De modo a evitar maiores dissabores foi realizada uma Assembleia Geral Extraordin\u00e1ria onde se decidiu alterar as cores da Naval para verde e branco.<\/p>\n<\/div>\n<p>&nbsp;<\/p>\n<h2>Modalidades<\/h2>\n<div>\n<p style=\"text-align: justify;\">Ao longo dos anos foram in\u00fameras as modalidades praticadas na Naval 1\u00ba de Maio. A\u00a0vela, a nata\u00e7\u00e3o, a gin\u00e1stica, o basquetebol, o tiro, o atletismo, o ciclismo, o voleibol, o t\u00e9nis de mesa e o bilhar s\u00e3o modalidades que foram sendo extinguidas com o passar dos anos.<\/p>\n<p style=\"text-align: justify;\">Atualmente existem 2 modalidades, o remo e o futebol.<\/p>\n<\/div>\n<div style=\"margin-top: 25px;\"><\/div>\n","protected":false},"excerpt":{"rendered":"<p>Associa\u00e7\u00e3o Naval 1\u00ba de Maio A Associa\u00e7\u00e3o Naval 1\u00ba de Maio, foi fundada em 1 de Maio de 1893, sucedendo \u00e0 extinta Associa\u00e7\u00e3o Naval Figueirense. Sendo uma Associa\u00e7\u00e3o de raiz iminentemente oper\u00e1ria o nome escolhido para a agremia\u00e7\u00e3o n\u00e3o poderia ter sido mais apropriado, assim como o dia escolhido para a sua implementa\u00e7\u00e3o &#8211; o [&hellip;]<\/p>\n","protected":false},"author":1,"featured_media":111,"parent":0,"menu_order":0,"comment_status":"closed","ping_status":"closed","template":"","meta":{"spay_email":""},"_links":{"self":[{"href":"https:\/\/navalremo.pt\/site\/wp-json\/wp\/v2\/pages\/103"}],"collection":[{"href":"https:\/\/navalremo.pt\/site\/wp-json\/wp\/v2\/pages"}],"about":[{"href":"https:\/\/navalremo.pt\/site\/wp-json\/wp\/v2\/types\/page"}],"author":[{"embeddable":true,"href":"https:\/\/navalremo.pt\/site\/wp-json\/wp\/v2\/users\/1"}],"replies":[{"embeddable":true,"href":"https:\/\/navalremo.pt\/site\/wp-json\/wp\/v2\/comments?post=103"}],"version-history":[{"count":43,"href":"https:\/\/navalremo.pt\/site\/wp-json\/wp\/v2\/pages\/103\/revisions"}],"predecessor-version":[{"id":528,"href":"https:\/\/navalremo.pt\/site\/wp-json\/wp\/v2\/pages\/103\/revisions\/528"}],"wp:featuredmedia":[{"embeddable":true,"href":"https:\/\/navalremo.pt\/site\/wp-json\/wp\/v2\/media\/111"}],"wp:attachment":[{"href":"https:\/\/navalremo.pt\/site\/wp-json\/wp\/v2\/media?parent=103"}],"curies":[{"name":"wp","href":"https:\/\/api.w.org\/{rel}","templated":true}]}}