{"id":1027,"date":"2020-11-01T12:11:16","date_gmt":"2020-11-01T12:11:16","guid":{"rendered":"https:\/\/navalremo.pt\/site\/?page_id=1027"},"modified":"2020-11-01T12:11:18","modified_gmt":"2020-11-01T12:11:18","slug":"a-mudanca-de-cores","status":"publish","type":"page","link":"https:\/\/navalremo.pt\/site\/a-mudanca-de-cores\/","title":{"rendered":"A mudan\u00e7a de cores"},"content":{"rendered":"\n<p>Segundo o Regulamento N\u00e1utico da Naval, datado de 3 de Junho de 1907, os uniformes eram azuis e brancos e o galhardete tamb\u00e9m era azul e branco em quatro partes com uma \u00e2ncora vermelha ao centro.<\/p>\n\n\n\n<p>Poucos meses antes da implanta\u00e7\u00e3o da Rep\u00fablica, no dia 16 de Junho de 1911, a Naval deslocou-se a Lisboa para disputar o Campeonato Nacional de Remo \u2013 \u201cTa\u00e7a Lisboa\u201d. A tripula\u00e7\u00e3o da Naval era composta pelo timoneiro Ant\u00f3nio Nogueira e pelos remadores David Viana, Henrique Varanga, Jos\u00e9 Faria e Oliveira e Patr\u00edcio Dias venceu a prova de forma brilhante sagrando-se campe\u00e3 nacional. Ap\u00f3s a cortar a meta, a tripula\u00e7\u00e3o navalista foi alvo de uma chuva de carv\u00e3o de pedra lan\u00e7ada por marinheiros a partir das fragatas ancoradas no Tejo, chamando-lhes \u201ctalassas\u201d, identificando-os assim com o regime mon\u00e1rquico, devido ao azul e branco dos seus equipamentos. Apesar da despedida de Lisboa ter sido bastante desagrad\u00e1vel a chegada \u00e0 Figueira da Foz apote\u00f3tica.<\/p>\n\n\n\n<p>De modo a evitar maiores dissabores foi realizada uma Assembleia Geral Extraordin\u00e1ria onde se decidiu alterar as cores da Naval para verde e branco.<\/p>\n\n\n\n<p>Em 2017 com a constitui\u00e7\u00e3o de um novo Clube \u00e9 adotado o s\u00edmbolo do N\u00facleo de Antigos Remadores da Associa\u00e7\u00e3o Naval 1\u00ba de Maio, mantendo o equipamento listado verde e branco<\/p>\n\n\n\n<p>Mais recentemente, em 2020, o padr\u00e3o de listas verdes e brancas \u00e9 substitu\u00eddo pela figura de uma ave F\u00e9nix, passando o Azul a assumir novo lugar de destaque na imagem do Clube que se mistura agora com o verde.<\/p>\n","protected":false},"excerpt":{"rendered":"<p>Segundo o Regulamento N\u00e1utico da Naval, datado de 3 de Junho de 1907, os uniformes eram azuis e brancos e o galhardete tamb\u00e9m era azul e branco em quatro partes com uma \u00e2ncora vermelha ao centro. Poucos meses antes da implanta\u00e7\u00e3o da Rep\u00fablica, no dia 16 de Junho de 1911, a Naval deslocou-se a Lisboa [&hellip;]<\/p>\n","protected":false},"author":2,"featured_media":0,"parent":0,"menu_order":0,"comment_status":"closed","ping_status":"closed","template":"","meta":{"spay_email":""},"_links":{"self":[{"href":"https:\/\/navalremo.pt\/site\/wp-json\/wp\/v2\/pages\/1027"}],"collection":[{"href":"https:\/\/navalremo.pt\/site\/wp-json\/wp\/v2\/pages"}],"about":[{"href":"https:\/\/navalremo.pt\/site\/wp-json\/wp\/v2\/types\/page"}],"author":[{"embeddable":true,"href":"https:\/\/navalremo.pt\/site\/wp-json\/wp\/v2\/users\/2"}],"replies":[{"embeddable":true,"href":"https:\/\/navalremo.pt\/site\/wp-json\/wp\/v2\/comments?post=1027"}],"version-history":[{"count":1,"href":"https:\/\/navalremo.pt\/site\/wp-json\/wp\/v2\/pages\/1027\/revisions"}],"predecessor-version":[{"id":1028,"href":"https:\/\/navalremo.pt\/site\/wp-json\/wp\/v2\/pages\/1027\/revisions\/1028"}],"wp:attachment":[{"href":"https:\/\/navalremo.pt\/site\/wp-json\/wp\/v2\/media?parent=1027"}],"curies":[{"name":"wp","href":"https:\/\/api.w.org\/{rel}","templated":true}]}}