{"id":1025,"date":"2020-11-01T12:10:18","date_gmt":"2020-11-01T12:10:18","guid":{"rendered":"https:\/\/navalremo.pt\/site\/?page_id=1025"},"modified":"2024-01-08T10:06:15","modified_gmt":"2024-01-08T10:06:15","slug":"desportos","status":"publish","type":"page","link":"https:\/\/navalremo.pt\/site\/desportos\/","title":{"rendered":"Desportos"},"content":{"rendered":"\n<p>Ao longo dos anos foram in\u00fameras as modalidades praticadas na Naval 1\u00ba de Maio. A vela, a nata\u00e7\u00e3o, a gin\u00e1stica, o basquetebol, o tiro, o atletismo, o ciclismo, o voleibol, o t\u00e9nis de mesa e o bilhar s\u00e3o modalidades que foram sendo extintas com o passar dos anos.<\/p>\n\n\n\n<p>Em 2017, com o processo de insolv\u00eancia da Associa\u00e7\u00e3o Naval 1\u00ba de Maio, a Modalidade do Remo passa definitivamente para a responsabilidade do novo Clube \u201cN\u00facleo de Antigos Remadores da Associa\u00e7\u00e3o Naval 1\u00ba de Maio\u201d.<\/p>\n\n\n\n<p>Em 2020 e com um crescimento anual desde 2017 na ordem dos 2 d\u00edgitos, a Naval renova a sua imagem e passa a ter como objetivo ser um clube ecl\u00e9tico com outras Modalidades para al\u00e9m do Remo.<\/p>\n\n\n\n<p>Em 2021 a Naval Remo tem como modalidades o Remo, a Canoagem, o Fitness e o Surf, o Stand Up Paddle e o Bodyboard, estes \u00faltimos atrav\u00e9s do seu parceiro Dude Surf School.<\/p>\n","protected":false},"excerpt":{"rendered":"<p>Ao longo dos anos foram in\u00fameras as modalidades praticadas na Naval 1\u00ba de Maio. A vela, a nata\u00e7\u00e3o, a gin\u00e1stica, o basquetebol, o tiro, o atletismo, o ciclismo, o voleibol, o t\u00e9nis de mesa e o bilhar s\u00e3o modalidades que foram sendo extintas com o passar dos anos. Em 2017, com o processo de insolv\u00eancia [&hellip;]<\/p>\n","protected":false},"author":2,"featured_media":0,"parent":0,"menu_order":0,"comment_status":"closed","ping_status":"closed","template":"","meta":{"spay_email":""},"_links":{"self":[{"href":"https:\/\/navalremo.pt\/site\/wp-json\/wp\/v2\/pages\/1025"}],"collection":[{"href":"https:\/\/navalremo.pt\/site\/wp-json\/wp\/v2\/pages"}],"about":[{"href":"https:\/\/navalremo.pt\/site\/wp-json\/wp\/v2\/types\/page"}],"author":[{"embeddable":true,"href":"https:\/\/navalremo.pt\/site\/wp-json\/wp\/v2\/users\/2"}],"replies":[{"embeddable":true,"href":"https:\/\/navalremo.pt\/site\/wp-json\/wp\/v2\/comments?post=1025"}],"version-history":[{"count":3,"href":"https:\/\/navalremo.pt\/site\/wp-json\/wp\/v2\/pages\/1025\/revisions"}],"predecessor-version":[{"id":3057,"href":"https:\/\/navalremo.pt\/site\/wp-json\/wp\/v2\/pages\/1025\/revisions\/3057"}],"wp:attachment":[{"href":"https:\/\/navalremo.pt\/site\/wp-json\/wp\/v2\/media?parent=1025"}],"curies":[{"name":"wp","href":"https:\/\/api.w.org\/{rel}","templated":true}]}}